{"id":9978,"date":"2020-08-25T06:01:59","date_gmt":"2020-08-25T06:01:59","guid":{"rendered":"http:\/\/www.albega.in\/zirantec\/?post_type=product&#038;p=9978"},"modified":"2023-11-08T12:37:04","modified_gmt":"2023-11-08T12:37:04","slug":"mb-series-surface-sewage-pumps","status":"publish","type":"product","link":"https:\/\/www.zirantec.com\/fr\/product\/mb-series-surface-sewage-pumps\/","title":{"rendered":"S\u00e9rie MB &#8211; Pompes \u00e0 eaux us\u00e9es de surface"},"content":{"rendered":"","protected":false},"excerpt":{"rendered":"","protected":false},"featured_media":10261,"template":"","meta":[],"yoast_head":"<!-- This site is optimized with the Yoast SEO plugin v15.2 - https:\/\/yoast.com\/wordpress\/plugins\/seo\/ -->\n<title>S\u00e9rie MB - Pompes \u00e0 eaux us\u00e9es de surface - Zirantec<\/title>\n<meta name=\"robots\" content=\"index, follow, max-snippet:-1, max-image-preview:large, max-video-preview:-1\" \/>\n<link rel=\"canonical\" href=\"https:\/\/www.zirantec.com\/fr\/product\/mb-series-surface-sewage-pumps\/\" \/>\n<meta property=\"og:locale\" content=\"en_US\" \/>\n<meta property=\"og:type\" content=\"article\" \/>\n<meta property=\"og:title\" content=\"S\u00e9rie MB - Pompes \u00e0 eaux us\u00e9es de surface - Zirantec\" \/>\n<meta property=\"og:url\" content=\"https:\/\/www.zirantec.com\/fr\/product\/mb-series-surface-sewage-pumps\/\" \/>\n<meta property=\"og:site_name\" content=\"Zirantec\" \/>\n<meta property=\"article:modified_time\" content=\"2023-11-08T12:37:04+00:00\" \/>\n<meta property=\"og:image\" content=\"https:\/\/www.zirantec.com\/fr\/wp-content\/uploads\/2020\/08\/Sewage-Monoblock-MB-Series.jpg\" \/>\n\t<meta property=\"og:image:width\" content=\"701\" \/>\n\t<meta property=\"og:image:height\" content=\"660\" \/>\n<meta name=\"twitter:card\" content=\"summary_large_image\" \/>\n<meta name=\"twitter:label1\" value=\"Written by\">\n\t<meta name=\"twitter:data1\" value=\"admin\">\n<script type=\"application\/ld+json\" class=\"yoast-schema-graph\">{\"@context\":\"https:\/\/schema.org\",\"@graph\":[{\"@type\":\"WebSite\",\"@id\":\"https:\/\/www.zirantec.com\/#website\",\"url\":\"https:\/\/www.zirantec.com\/\",\"name\":\"Zirantec\",\"description\":\"Fabbrica Italiana Pompe Sommergibili S.r.l.\",\"potentialAction\":[{\"@type\":\"SearchAction\",\"target\":\"https:\/\/www.zirantec.com\/?s={search_term_string}\",\"query-input\":\"required name=search_term_string\"}],\"inLanguage\":\"en-US\"},{\"@type\":\"ImageObject\",\"@id\":\"https:\/\/www.zirantec.com\/fr\/product\/mb-series-surface-sewage-pumps\/#primaryimage\",\"inLanguage\":\"en-US\",\"url\":\"https:\/\/www.zirantec.com\/fr\/wp-content\/uploads\/2020\/08\/Sewage-Monoblock-MB-Series.jpg\",\"width\":701,\"height\":660},{\"@type\":\"WebPage\",\"@id\":\"https:\/\/www.zirantec.com\/fr\/product\/mb-series-surface-sewage-pumps\/#webpage\",\"url\":\"https:\/\/www.zirantec.com\/fr\/product\/mb-series-surface-sewage-pumps\/\",\"name\":\"S\\u00e9rie MB - Pompes \\u00e0 eaux us\\u00e9es de surface - Zirantec\",\"isPartOf\":{\"@id\":\"https:\/\/www.zirantec.com\/#website\"},\"primaryImageOfPage\":{\"@id\":\"https:\/\/www.zirantec.com\/fr\/product\/mb-series-surface-sewage-pumps\/#primaryimage\"},\"datePublished\":\"2020-08-25T06:01:59+00:00\",\"dateModified\":\"2023-11-08T12:37:04+00:00\",\"inLanguage\":\"en-US\",\"potentialAction\":[{\"@type\":\"ReadAction\",\"target\":[\"https:\/\/www.zirantec.com\/fr\/product\/mb-series-surface-sewage-pumps\/\"]}]}]}<\/script>\n<!-- \/ Yoast SEO plugin. -->","_links":{"self":[{"href":"https:\/\/www.zirantec.com\/fr\/wp-json\/wp\/v2\/product\/9978"}],"collection":[{"href":"https:\/\/www.zirantec.com\/fr\/wp-json\/wp\/v2\/product"}],"about":[{"href":"https:\/\/www.zirantec.com\/fr\/wp-json\/wp\/v2\/types\/product"}],"wp:featuredmedia":[{"embeddable":true,"href":"https:\/\/www.zirantec.com\/fr\/wp-json\/wp\/v2\/media\/10261"}],"wp:attachment":[{"href":"https:\/\/www.zirantec.com\/fr\/wp-json\/wp\/v2\/media?parent=9978"}],"curies":[{"name":"wp","href":"https:\/\/api.w.org\/{rel}","templated":true}]}}