{"id":9797,"date":"2020-08-14T05:18:43","date_gmt":"2020-08-14T05:18:43","guid":{"rendered":"http:\/\/www.albega.in\/zirantec\/?page_id=9797"},"modified":"2025-04-10T06:17:03","modified_gmt":"2025-04-10T06:17:03","slug":"about-us","status":"publish","type":"page","link":"https:\/\/www.zirantec.com\/fr\/about-us\/","title":{"rendered":"Soci\u00e9t\u00e9"},"content":{"rendered":"<p>[vc_row fullwidth=&#8221;yes&#8221; css=&#8221;.vc_custom_1597412503780{background-image: url(https:\/\/www.zirantec.com\/wp-content\/uploads\/2019\/05\/section-bg1-1.png?id=7977) !important;background-position: center !important;background-repeat: no-repeat !important;background-size: cover !important;}&#8221; el_id=&#8221;first-row&#8221;][vc_column]\r\n\t<div class=\"bauer-spacer clearfix\" data-desktop=\"30\" data-mobi=\"20\" data-smobi=\"20\"><\/div><div class=\"bauer-simple-image text-center\" style=\"\" >\r\n\t\t\t<img alt=\"image\" src=\"https:\/\/www.zirantec.com\/fr\/wp-content\/uploads\/2020\/08\/company-1.jpg\" \/> \r\n\t\t<\/div>\r\n\t<div class=\"bauer-spacer clearfix\" data-desktop=\"20\" data-mobi=\"10\" data-smobi=\"10\"><\/div>[\/vc_column][\/vc_row][vc_row css=&#8221;.vc_custom_1558767170717{background-image: url(https:\/\/www.zirantec.com\/wp-content\/uploads\/2019\/05\/com-bg-2.png?id=8897) !important;background-position: center !important;background-repeat: no-repeat !important;background-size: cover !important;}&#8221;][vc_column][vc_row_inner column_inner_spacing=&#8221;65&#8243;][vc_column_inner width=&#8221;1\/2&#8243;]<div class=\"bauer-images-carousel  arrow-center has-borders\" data-auto=\"true\" data-loop=\"true\" data-gap=\"0\" data-column=\"1\" data-column2=\"1\" data-column3=\"1\">\r\n        <div class=\"owl-carousel owl-theme\"><div class=\"item-wrap\"><img src=\"https:\/\/www.zirantec.com\/fr\/wp-content\/uploads\/2020\/08\/about-us-2.jpg\" alt=\"Image\"><\/div><div class=\"item-wrap\"><img src=\"https:\/\/www.zirantec.com\/fr\/wp-content\/uploads\/2020\/08\/about-us-3.jpg\" alt=\"Image\"><\/div><\/div><\/div>[\/vc_column_inner][vc_column_inner width=&#8221;1\/2&#8243;]<h2 class=\"bauer-text clearfix \" style=\"font-size:42px;line-height:50px;margin-bottom:32px;\"><p>Notre soci\u00e9t\u00e9<\/p>\n<\/h2><div class=\"bauer-text clearfix \" style=\"margin-bottom:40px;\"><p style=\"text-align: justify;\">Les pompes et moteurs ZIRANTEC sont de la maison F.I.P.S.. Fabbrica Italiana Pompe Sommergibili S.r.l., une entreprise italienne c\u00e9l\u00e8bre, vieille de quatre d\u00e9cennies, qui offre des solutions compl\u00e8tes pour les eaux us\u00e9es dans le monde entier. Son portefeuille de produits actuel comprend des pompes pour eaux us\u00e9es de qualit\u00e9 sup\u00e9rieure et de diff\u00e9rents types, des m\u00e9langeurs, des agitateurs, des a\u00e9rateurs et leurs accessoires, des surpresseurs centrifuges multicellulaires, des pompes et moteurs submersibles de forage, des pompes centrifuges \u00e0 aspiration en bout, des pompes industrielles pour diverses applications, etc&#8230;<\/p>\n<p style=\"text-align: justify;\">Fond\u00e9e en 1978 \u00e0 Rozzano, au sud de Milan, en Italie, par M. Orfeo Agostini, la soci\u00e9t\u00e9 a connu une croissance constante et une expansion du march\u00e9 sans interruption depuis lors. Au cours des quarante derni\u00e8res ann\u00e9es, l&#8217;entreprise s&#8217;est taill\u00e9 une place sur le march\u00e9 des pompes pour eaux us\u00e9es et des pompes \u00e0 eaux d&#8217;\u00e9gout en Italie et dans d&#8217;autres pays. Ses produits sont utilis\u00e9s dans des applications municipales, domestiques et industrielles. La soci\u00e9t\u00e9 est bien connue pour la conception et la fabrication unique et robuste de ses produits. En raison de leur qualit\u00e9 sup\u00e9rieure, les produits Zirantec sont \u00e9galement export\u00e9s vers de nombreux pays europ\u00e9ens, africains et asiatiques.<\/p>\n<p style=\"text-align: justify;\">Les produits Zirantec sont con\u00e7us et fabriqu\u00e9s selon des normes de qualit\u00e9 \u00e9lev\u00e9es et sont certifi\u00e9s CE. L&#8217;usine est certifi\u00e9e ISO 9001:2015.<\/p>\n<\/div>\r\n\t<div class=\"bauer-spacer clearfix\" data-desktop=\"15\" data-mobi=\"10\" data-smobi=\"10\"><\/div>[\/vc_column_inner][\/vc_row_inner]<div class=\"bauer-text clearfix \" style=\"margin-bottom:40px;\"><p style=\"text-align: justify;\">Au fil des ans, la soci\u00e9t\u00e9 s&#8217;est transform\u00e9e et s&#8217;est lanc\u00e9e dans la fabrication de pompes \u00e0 eau de haute qualit\u00e9, pour des applications domestiques, agricoles et industrielles. Au fil du temps, FIPS a abandonn\u00e9 son image de fabricant exclusif de pompes pour eaux us\u00e9es et eaux d&#8217;\u00e9gout pour devenir une entreprise de production de pompes compl\u00e8te, capable de fabriquer divers types de pompes pour diff\u00e9rentes applications.<\/p>\n<\/div>\r\n\t<div class=\"bauer-spacer clearfix\" data-desktop=\"20\" data-mobi=\"10\" data-smobi=\"10\"><\/div>[\/vc_column][\/vc_row][vc_row css=&#8221;.vc_custom_1597649469624{background: #f7f9fa url(https:\/\/www.zirantec.com\/wp-content\/uploads\/2019\/05\/com-bg-3.png?id=8899) !important;background-position: center !important;background-repeat: no-repeat !important;background-size: cover !important;}&#8221;][vc_column]\r\n\t<div class=\"bauer-spacer clearfix\" data-desktop=\"40\" data-mobi=\"15\" data-smobi=\"15\"><\/div>[vc_row_inner][vc_column_inner width=&#8221;1\/2&#8243;]<h2 class=\"bauer-text clearfix \" style=\"font-size:42px;line-height:50px;color:#030f27;\"><p>Gamme de produits<\/p>\n<\/h2>[\/vc_column_inner][vc_column_inner width=&#8221;1\/2&#8243;]\r\n\t<div class=\"bauer-spacer clearfix\" data-desktop=\"52\" data-mobi=\"30\" data-smobi=\"30\"><\/div>[\/vc_column_inner][\/vc_row_inner]\r\n\t<div class=\"bauer-spacer clearfix\" data-desktop=\"30\" data-mobi=\"15\" data-smobi=\"15\"><\/div>[vc_row_inner][vc_column_inner width=&#8221;1\/3&#8243;]<div class=\"bauer-text clearfix \" style=\"\"><ul class=\"zi_my_list\">\n<li><i class=\"elegant-icon_check_alt\"><\/i> Pompes submersibles pour eaux us\u00e9es<\/li>\n<li><i class=\"elegant-icon_check_alt\"><\/i> Pompes multicellulaires horizontales et verticales<\/li>\n<li><i class=\"elegant-icon_check_alt\"><\/i> Syst\u00e8me de surpression<\/li>\n<li><i class=\"elegant-icon_check_alt\"><\/i> Pompes d&#8217;aspiration en bout<\/li>\n<li><i class=\"elegant-icon_check_alt\"><\/i> Pompes \u00e0 double enveloppe<\/li>\n<\/ul>\n<\/div>\r\n\t<div class=\"bauer-spacer clearfix\" data-desktop=\"30\" data-mobi=\"30\" data-smobi=\"30\"><\/div>\r\n\t<div class=\"bauer-spacer clearfix\" data-desktop=\"0\" data-mobi=\"30\" data-smobi=\"30\"><\/div>[\/vc_column_inner][vc_column_inner width=&#8221;1\/3&#8243;]<div class=\"bauer-text clearfix \" style=\"\"><ul class=\"zi_my_list\">\n<li><i class=\"elegant-icon_check_alt\"><\/i> Pompes pour proc\u00e9d\u00e9s chimiques<\/li>\n<li><i class=\"elegant-icon_check_alt\"><\/i> Pompes pour le traitement du papier et de la p\u00e2te \u00e0 papier<\/li>\n<li><i class=\"elegant-icon_check_alt\"><\/i> Pompes \u00e0 turbines verticales<\/li>\n<li><i class=\"elegant-icon_check_alt\"><\/i> SS Pompes et moteurs submersibles de forage<\/li>\n<\/ul>\n<\/div>[\/vc_column_inner][vc_column_inner width=&#8221;1\/3&#8243;]<div class=\"bauer-text clearfix \" style=\"\"><ul class=\"zi_my_list\">\n<li><i class=\"elegant-icon_check_alt\"><\/i> Syst\u00e8mes de pompage solaire<\/li>\n<li><i class=\"elegant-icon_check_alt\"><\/i> C\u00e2bles sous-marins<\/li>\n<li><i class=\"elegant-icon_check_alt\"><\/i> Tuyaux uPVC<\/li>\n<li><i class=\"elegant-icon_check_alt\"><\/i> Valves<\/li>\n<\/ul>\n<\/div>\r\n\t<div class=\"bauer-spacer clearfix\" data-desktop=\"30\" data-mobi=\"30\" data-smobi=\"30\"><\/div>[\/vc_column_inner][\/vc_row_inner]\r\n\t<div class=\"bauer-spacer clearfix\" data-desktop=\"10\" data-mobi=\"10\" data-smobi=\"10\"><\/div>[\/vc_column][\/vc_row]<\/p>\n","protected":false},"excerpt":{"rendered":"<p>[vc_row fullwidth=&#8221;yes&#8221; css=&#8221;.vc_custom_1597412503780{background-image: url(https:\/\/www.zirantec.com\/wp-content\/uploads\/2019\/05\/section-bg1-1.png?id=7977) !important;background-position: center !important;background-repeat: no-repeat !important;background-size: cover !important;}&#8221; el_id=&#8221;first-row&#8221;][vc_column][\/vc_column][\/vc_row][vc_row css=&#8221;.vc_custom_1558767170717{background-image: url(https:\/\/www.zirantec.com\/wp-content\/uploads\/2019\/05\/com-bg-2.png?id=8897) !important;background-position: center !important;background-repeat: no-repeat !important;background-size: cover !important;}&#8221;][vc_column][vc_row_inner column_inner_spacing=&#8221;65&#8243;][vc_column_inner width=&#8221;1\/2&#8243;][\/vc_column_inner][vc_column_inner width=&#8221;1\/2&#8243;][\/vc_column_inner][\/vc_row_inner][\/vc_column][\/vc_row][vc_row css=&#8221;.vc_custom_1597649469624{background: #f7f9fa url(https:\/\/www.zirantec.com\/wp-content\/uploads\/2019\/05\/com-bg-3.png?id=8899) !important;background-position: center !important;background-repeat: no-repeat !important;background-size: cover !important;}&#8221;][vc_column][vc_row_inner][vc_column_inner width=&#8221;1\/2&#8243;][\/vc_column_inner][vc_column_inner width=&#8221;1\/2&#8243;][\/vc_column_inner][\/vc_row_inner][vc_row_inner][vc_column_inner width=&#8221;1\/3&#8243;][\/vc_column_inner][vc_column_inner width=&#8221;1\/3&#8243;][\/vc_column_inner][vc_column_inner width=&#8221;1\/3&#8243;][\/vc_column_inner][\/vc_row_inner][\/vc_column][\/vc_row]<\/p>\n","protected":false},"author":1,"featured_media":0,"parent":0,"menu_order":0,"comment_status":"closed","ping_status":"closed","template":"","meta":[],"yoast_head":"<!-- This site is optimized with the Yoast SEO plugin v15.2 - https:\/\/yoast.com\/wordpress\/plugins\/seo\/ -->\n<title>Soci\u00e9t\u00e9 - Zirantec<\/title>\n<meta name=\"robots\" content=\"index, follow, max-snippet:-1, max-image-preview:large, max-video-preview:-1\" \/>\n<link rel=\"canonical\" href=\"https:\/\/www.zirantec.com\/fr\/about-us\/\" \/>\n<meta property=\"og:locale\" content=\"en_US\" \/>\n<meta property=\"og:type\" content=\"article\" \/>\n<meta property=\"og:title\" content=\"Soci\u00e9t\u00e9 - Zirantec\" \/>\n<meta property=\"og:description\" content=\"[vc_row fullwidth=&#8221;yes&#8221; css=&#8221;.vc_custom_1597412503780{background-image: url(https:\/\/www.zirantec.com\/wp-content\/uploads\/2019\/05\/section-bg1-1.png?id=7977) !important;background-position: center !important;background-repeat: no-repeat !important;background-size: cover !important;}&#8221; el_id=&#8221;first-row&#8221;][vc_column][\/vc_column][\/vc_row][vc_row css=&#8221;.vc_custom_1558767170717{background-image: url(https:\/\/www.zirantec.com\/wp-content\/uploads\/2019\/05\/com-bg-2.png?id=8897) !important;background-position: center !important;background-repeat: no-repeat !important;background-size: cover !important;}&#8221;][vc_column][vc_row_inner column_inner_spacing=&#8221;65&#8243;][vc_column_inner width=&#8221;1\/2&#8243;][\/vc_column_inner][vc_column_inner width=&#8221;1\/2&#8243;][\/vc_column_inner][\/vc_row_inner][\/vc_column][\/vc_row][vc_row css=&#8221;.vc_custom_1597649469624{background: #f7f9fa url(https:\/\/www.zirantec.com\/wp-content\/uploads\/2019\/05\/com-bg-3.png?id=8899) !important;background-position: center !important;background-repeat: no-repeat !important;background-size: cover !important;}&#8221;][vc_column][vc_row_inner][vc_column_inner width=&#8221;1\/2&#8243;][\/vc_column_inner][vc_column_inner width=&#8221;1\/2&#8243;][\/vc_column_inner][\/vc_row_inner][vc_row_inner][vc_column_inner width=&#8221;1\/3&#8243;][\/vc_column_inner][vc_column_inner width=&#8221;1\/3&#8243;][\/vc_column_inner][vc_column_inner width=&#8221;1\/3&#8243;][\/vc_column_inner][\/vc_row_inner][\/vc_column][\/vc_row]\" \/>\n<meta property=\"og:url\" content=\"https:\/\/www.zirantec.com\/fr\/about-us\/\" \/>\n<meta property=\"og:site_name\" content=\"Zirantec\" \/>\n<meta property=\"article:modified_time\" content=\"2025-04-10T06:17:03+00:00\" \/>\n<meta name=\"twitter:card\" content=\"summary_large_image\" \/>\n<meta name=\"twitter:label1\" value=\"Written by\">\n\t<meta name=\"twitter:data1\" value=\"admin\">\n\t<meta name=\"twitter:label2\" value=\"Est. reading time\">\n\t<meta name=\"twitter:data2\" value=\"3 minutes\">\n<script type=\"application\/ld+json\" class=\"yoast-schema-graph\">{\"@context\":\"https:\/\/schema.org\",\"@graph\":[{\"@type\":\"WebSite\",\"@id\":\"https:\/\/www.zirantec.com\/#website\",\"url\":\"https:\/\/www.zirantec.com\/\",\"name\":\"Zirantec\",\"description\":\"Fabbrica Italiana Pompe Sommergibili S.r.l.\",\"potentialAction\":[{\"@type\":\"SearchAction\",\"target\":\"https:\/\/www.zirantec.com\/?s={search_term_string}\",\"query-input\":\"required name=search_term_string\"}],\"inLanguage\":\"en-US\"},{\"@type\":\"WebPage\",\"@id\":\"https:\/\/www.zirantec.com\/fr\/about-us\/#webpage\",\"url\":\"https:\/\/www.zirantec.com\/fr\/about-us\/\",\"name\":\"Soci\\u00e9t\\u00e9 - Zirantec\",\"isPartOf\":{\"@id\":\"https:\/\/www.zirantec.com\/#website\"},\"datePublished\":\"2020-08-14T05:18:43+00:00\",\"dateModified\":\"2025-04-10T06:17:03+00:00\",\"inLanguage\":\"en-US\",\"potentialAction\":[{\"@type\":\"ReadAction\",\"target\":[\"https:\/\/www.zirantec.com\/fr\/about-us\/\"]}]}]}<\/script>\n<!-- \/ Yoast SEO plugin. -->","_links":{"self":[{"href":"https:\/\/www.zirantec.com\/fr\/wp-json\/wp\/v2\/pages\/9797"}],"collection":[{"href":"https:\/\/www.zirantec.com\/fr\/wp-json\/wp\/v2\/pages"}],"about":[{"href":"https:\/\/www.zirantec.com\/fr\/wp-json\/wp\/v2\/types\/page"}],"author":[{"embeddable":true,"href":"https:\/\/www.zirantec.com\/fr\/wp-json\/wp\/v2\/users\/1"}],"replies":[{"embeddable":true,"href":"https:\/\/www.zirantec.com\/fr\/wp-json\/wp\/v2\/comments?post=9797"}],"version-history":[{"count":4,"href":"https:\/\/www.zirantec.com\/fr\/wp-json\/wp\/v2\/pages\/9797\/revisions"}],"predecessor-version":[{"id":11441,"href":"https:\/\/www.zirantec.com\/fr\/wp-json\/wp\/v2\/pages\/9797\/revisions\/11441"}],"wp:attachment":[{"href":"https:\/\/www.zirantec.com\/fr\/wp-json\/wp\/v2\/media?parent=9797"}],"curies":[{"name":"wp","href":"https:\/\/api.w.org\/{rel}","templated":true}]}}