{"id":10453,"date":"2020-09-05T15:23:03","date_gmt":"2020-09-05T15:23:03","guid":{"rendered":"http:\/\/www.albega.in\/zirantec\/?page_id=10453"},"modified":"2023-10-21T15:52:12","modified_gmt":"2023-10-21T15:52:12","slug":"news-events","status":"publish","type":"page","link":"https:\/\/www.zirantec.com\/fr\/news-events\/","title":{"rendered":"Actualit\u00e9s et \u00e9v\u00e9nements"},"content":{"rendered":"<p>[vc_row css=&#8221;.vc_custom_1599215737571{background-image: url(https:\/\/www.zirantec.com\/wp-content\/uploads\/2019\/05\/section-bg1-1.png?id=7977) !important;background-position: center !important;background-repeat: no-repeat !important;background-size: cover !important;}&#8221; el_id=&#8221;first-row&#8221;][vc_column]\r\n\t<div class=\"bauer-spacer clearfix\" data-desktop=\"30\" data-mobi=\"20\" data-smobi=\"20\"><\/div>\r\n<div class=\"bauer-news  arrow-center offsetcenter offset-v0 bullet-circle arrow50\" data-auto=\"false\" data-column=\"3\" data-column2=\"2\" data-column3=\"1\" data-gap=\"30\">\r\n\t\r\n\t<div class=\"owl-carousel owl-theme\">\r\n    \r\n\t\t<div class=\"news-item clearfix\">\r\n\t\t\t<div class=\"inner\" style=\"background-color:#ffffff;\">\r\n\t\t\t\t<div class=\"thumb-wrap\">\r\n\t\t\t\t\t<img width=\"558\" height=\"410\" src=\"https:\/\/www.zirantec.com\/fr\/wp-content\/uploads\/2020\/01\/big-5-558x410.jpg\" class=\"attachment-bauer-post-related size-bauer-post-related wp-post-image\" alt=\"\" \/>\t\t\t\t<\/div><!-- \/.thumb-wrap -->\r\n\r\n                <div class=\"text-wrap\" style=\"\">\r\n\t\t\t\t\t<div class=\"meta\">\r\n                        <span class=\"date\">April 10, 2026<\/span>\r\n                    <\/div>\r\n\r\n\t\t\t\t\t<h3 class=\"title\" style=\"\"><span><a href=\"https:\/\/www.zirantec.com\/fr\/big-5-global-at-dubai-world-trade-centre-dubai-from-23rd-to-26th-november-2026\/\">BIG 5 Global at Dubai world trade centre, Dubai from 23rd to 26th November 2026.<\/a><\/span><\/h3><div class=\"url-wrap\"><a href=\"https:\/\/www.zirantec.com\/fr\/big-5-global-at-dubai-world-trade-centre-dubai-from-23rd-to-26th-november-2026\/\" class=\"bauer-links link-style-2 accent\"><span class=\"text\">Read more<\/span><\/a><\/div>                <\/div><!-- \/.text-wrap -->\r\n\t        <\/div>\r\n\t    <\/div><!-- \/.news-item -->\r\n\t    \r\n\t\t<\/div><!-- \/.owl-carousel -->\r\n\r\n\r\n<\/div><!-- \/.bauer-news -->\r\n\r\n\t<div class=\"bauer-spacer clearfix\" data-desktop=\"20\" data-mobi=\"10\" data-smobi=\"10\"><\/div>[\/vc_column][\/vc_row]<\/p>\n","protected":false},"excerpt":{"rendered":"<p>[vc_row css=&#8221;.vc_custom_1599215737571{background-image: url(https:\/\/www.zirantec.com\/wp-content\/uploads\/2019\/05\/section-bg1-1.png?id=7977) !important;background-position: center !important;background-repeat: no-repeat !important;background-size: cover !important;}&#8221; el_id=&#8221;first-row&#8221;][vc_column][\/vc_column][\/vc_row]<\/p>\n","protected":false},"author":1,"featured_media":0,"parent":0,"menu_order":0,"comment_status":"closed","ping_status":"closed","template":"","meta":[],"yoast_head":"<!-- This site is optimized with the Yoast SEO plugin v15.2 - https:\/\/yoast.com\/wordpress\/plugins\/seo\/ -->\n<title>Actualit\u00e9s et \u00e9v\u00e9nements - Zirantec<\/title>\n<meta name=\"robots\" content=\"index, follow, max-snippet:-1, max-image-preview:large, max-video-preview:-1\" \/>\n<link rel=\"canonical\" href=\"https:\/\/www.zirantec.com\/fr\/news-events\/\" \/>\n<meta property=\"og:locale\" content=\"en_US\" \/>\n<meta property=\"og:type\" content=\"article\" \/>\n<meta property=\"og:title\" content=\"Actualit\u00e9s et \u00e9v\u00e9nements - Zirantec\" \/>\n<meta property=\"og:description\" content=\"[vc_row css=&#8221;.vc_custom_1599215737571{background-image: url(https:\/\/www.zirantec.com\/wp-content\/uploads\/2019\/05\/section-bg1-1.png?id=7977) !important;background-position: center !important;background-repeat: no-repeat !important;background-size: cover !important;}&#8221; el_id=&#8221;first-row&#8221;][vc_column][\/vc_column][\/vc_row]\" \/>\n<meta property=\"og:url\" content=\"https:\/\/www.zirantec.com\/fr\/news-events\/\" \/>\n<meta property=\"og:site_name\" content=\"Zirantec\" \/>\n<meta property=\"article:modified_time\" content=\"2023-10-21T15:52:12+00:00\" \/>\n<meta name=\"twitter:card\" content=\"summary_large_image\" \/>\n<meta name=\"twitter:label1\" value=\"Written by\">\n\t<meta name=\"twitter:data1\" value=\"admin\">\n\t<meta name=\"twitter:label2\" value=\"Est. reading time\">\n\t<meta name=\"twitter:data2\" value=\"0 minutes\">\n<script type=\"application\/ld+json\" class=\"yoast-schema-graph\">{\"@context\":\"https:\/\/schema.org\",\"@graph\":[{\"@type\":\"WebSite\",\"@id\":\"https:\/\/www.zirantec.com\/#website\",\"url\":\"https:\/\/www.zirantec.com\/\",\"name\":\"Zirantec\",\"description\":\"Fabbrica Italiana Pompe Sommergibili S.r.l.\",\"potentialAction\":[{\"@type\":\"SearchAction\",\"target\":\"https:\/\/www.zirantec.com\/?s={search_term_string}\",\"query-input\":\"required name=search_term_string\"}],\"inLanguage\":\"en-US\"},{\"@type\":\"WebPage\",\"@id\":\"https:\/\/www.zirantec.com\/fr\/news-events\/#webpage\",\"url\":\"https:\/\/www.zirantec.com\/fr\/news-events\/\",\"name\":\"Actualit\\u00e9s et \\u00e9v\\u00e9nements - Zirantec\",\"isPartOf\":{\"@id\":\"https:\/\/www.zirantec.com\/#website\"},\"datePublished\":\"2020-09-05T15:23:03+00:00\",\"dateModified\":\"2023-10-21T15:52:12+00:00\",\"inLanguage\":\"en-US\",\"potentialAction\":[{\"@type\":\"ReadAction\",\"target\":[\"https:\/\/www.zirantec.com\/fr\/news-events\/\"]}]}]}<\/script>\n<!-- \/ Yoast SEO plugin. -->","_links":{"self":[{"href":"https:\/\/www.zirantec.com\/fr\/wp-json\/wp\/v2\/pages\/10453"}],"collection":[{"href":"https:\/\/www.zirantec.com\/fr\/wp-json\/wp\/v2\/pages"}],"about":[{"href":"https:\/\/www.zirantec.com\/fr\/wp-json\/wp\/v2\/types\/page"}],"author":[{"embeddable":true,"href":"https:\/\/www.zirantec.com\/fr\/wp-json\/wp\/v2\/users\/1"}],"replies":[{"embeddable":true,"href":"https:\/\/www.zirantec.com\/fr\/wp-json\/wp\/v2\/comments?post=10453"}],"version-history":[{"count":2,"href":"https:\/\/www.zirantec.com\/fr\/wp-json\/wp\/v2\/pages\/10453\/revisions"}],"predecessor-version":[{"id":11226,"href":"https:\/\/www.zirantec.com\/fr\/wp-json\/wp\/v2\/pages\/10453\/revisions\/11226"}],"wp:attachment":[{"href":"https:\/\/www.zirantec.com\/fr\/wp-json\/wp\/v2\/media?parent=10453"}],"curies":[{"name":"wp","href":"https:\/\/api.w.org\/{rel}","templated":true}]}}