{"id":9797,"date":"2020-08-14T05:18:43","date_gmt":"2020-08-14T05:18:43","guid":{"rendered":"http:\/\/www.albega.in\/zirantec\/?page_id=9797"},"modified":"2025-04-10T06:16:55","modified_gmt":"2025-04-10T06:16:55","slug":"about-us","status":"publish","type":"page","link":"https:\/\/www.zirantec.com\/es\/about-us\/","title":{"rendered":"Acerca de Nosotros"},"content":{"rendered":"<p>[vc_row fullwidth=&#8221;yes&#8221; css=&#8221;.vc_custom_1597412503780{background-image: url(https:\/\/www.zirantec.com\/wp-content\/uploads\/2019\/05\/section-bg1-1.png?id=7977) !important;background-position: center !important;background-repeat: no-repeat !important;background-size: cover !important;}&#8221; el_id=&#8221;first-row&#8221;][vc_column]\r\n\t<div class=\"bauer-spacer clearfix\" data-desktop=\"30\" data-mobi=\"20\" data-smobi=\"20\"><\/div><div class=\"bauer-simple-image text-center\" style=\"\" >\r\n\t\t\t<img alt=\"image\" src=\"https:\/\/www.zirantec.com\/es\/wp-content\/uploads\/2020\/08\/company-1.jpg\" \/> \r\n\t\t<\/div>\r\n\t<div class=\"bauer-spacer clearfix\" data-desktop=\"20\" data-mobi=\"10\" data-smobi=\"10\"><\/div>[\/vc_column][\/vc_row][vc_row css=&#8221;.vc_custom_1558767170717{background-image: url(https:\/\/www.zirantec.com\/wp-content\/uploads\/2019\/05\/com-bg-2.png?id=8897) !important;background-position: center !important;background-repeat: no-repeat !important;background-size: cover !important;}&#8221;][vc_column][vc_row_inner column_inner_spacing=&#8221;65&#8243;][vc_column_inner width=&#8221;1\/2&#8243;]<div class=\"bauer-images-carousel  arrow-center has-borders\" data-auto=\"true\" data-loop=\"true\" data-gap=\"0\" data-column=\"1\" data-column2=\"1\" data-column3=\"1\">\r\n        <div class=\"owl-carousel owl-theme\"><div class=\"item-wrap\"><img src=\"https:\/\/www.zirantec.com\/es\/wp-content\/uploads\/2020\/08\/about-us-2.jpg\" alt=\"Image\"><\/div><div class=\"item-wrap\"><img src=\"https:\/\/www.zirantec.com\/es\/wp-content\/uploads\/2020\/08\/about-us-3.jpg\" alt=\"Image\"><\/div><\/div><\/div>[\/vc_column_inner][vc_column_inner width=&#8221;1\/2&#8243;]<h2 class=\"bauer-text clearfix \" style=\"font-size:42px;line-height:50px;margin-bottom:32px;\"><p>Nuestra Compa\u00f1\u00eda<\/p>\n<\/h2><div class=\"bauer-text clearfix \" style=\"margin-bottom:40px;\"><p style=\"text-align: justify;\">ZIRANTEC Bombas y Motores son de la casa de F.I.P.S. Fabbrica Italiana Pompe Sommergibili S.r.l. Una compa\u00f1\u00eda italiana de gran prestigio con 40 a\u00f1os de antig\u00fcedad, que ofrece soluciones integrales para aguas residuales en todo el mundo. Su portafolio actual de productos incluye bombas de aguas residuales de clase mundial de varios tipos, mezcladoras, agitadores, aireadores y sus accesorios, bombas centr\u00edfugas multietapa de refuerzo de presi\u00f3n, bombas sumergibles de perforaci\u00f3n y motores, bombas centr\u00edfugas de succi\u00f3n final, bombas industriales para varias aplicaciones, etc.<\/p>\n<p style=\"text-align: justify;\">Fundada desde 1978 en Rozzano, al sur de Mil\u00e1n (Italia) por el Sr. Orfeo Agostini, la compa\u00f1\u00eda ha experimentado un crecimiento constante y una continua expansi\u00f3n del mercado desde entonces. En estas cuatro d\u00e9cadas de existencia, la compa\u00f1\u00eda se ha forjado un lugar en el mercado de las bombas de aguas residuales y de alcantarillado en Italia y otros pa\u00edses. Sus productos se emplean en aplicaciones municipales, dom\u00e9sticas e industriales. La Compa\u00f1\u00eda es bien conocida por los dise\u00f1os \u00fanicos y robustos de sus productos y por su personal calificado. Debido a su calidad superior, los productos Zirantec se exportan tambi\u00e9n a muchos pa\u00edses europeos, africanos y asi\u00e1ticos.<\/p>\n<p style=\"text-align: justify;\">Los productos Zirantec est\u00e1n dise\u00f1ados y fabricados para cumplir con altos est\u00e1ndares de calidad y cuentan con la certificaci\u00f3n CE. La planta cuenta con la certificaci\u00f3n ISO 9001:2015.<\/p>\n<\/div>\r\n\t<div class=\"bauer-spacer clearfix\" data-desktop=\"15\" data-mobi=\"10\" data-smobi=\"10\"><\/div>[\/vc_column_inner][\/vc_row_inner]<div class=\"bauer-text clearfix \" style=\"margin-bottom:40px;\"><p style=\"text-align: justify;\">A lo largo de los a\u00f1os, la compa\u00f1\u00eda se ha transformado y se ha aventurado en la fabricaci\u00f3n de bombas de agua de alta calidad, para aplicaciones dom\u00e9sticas, agr\u00edcolas e industriales. En el debido proceso, FIPS ha cambiado su imagen de fabricante exclusivo de bombas de aguas residuales y desechos por la de una empresa de producci\u00f3n integral de bombas con capacidad para fabricar diversos tipos de bombas para diferentes aplicaciones.<\/p>\n<\/div>\r\n\t<div class=\"bauer-spacer clearfix\" data-desktop=\"20\" data-mobi=\"10\" data-smobi=\"10\"><\/div>[\/vc_column][\/vc_row][vc_row css=&#8221;.vc_custom_1597649469624{background: #f7f9fa url(https:\/\/www.zirantec.com\/wp-content\/uploads\/2019\/05\/com-bg-3.png?id=8899) !important;background-position: center !important;background-repeat: no-repeat !important;background-size: cover !important;}&#8221;][vc_column]\r\n\t<div class=\"bauer-spacer clearfix\" data-desktop=\"40\" data-mobi=\"15\" data-smobi=\"15\"><\/div>[vc_row_inner][vc_column_inner width=&#8221;1\/2&#8243;]<h2 class=\"bauer-text clearfix \" style=\"font-size:42px;line-height:50px;color:#030f27;\"><p>Gama de productos<\/p>\n<\/h2>[\/vc_column_inner][vc_column_inner width=&#8221;1\/2&#8243;]\r\n\t<div class=\"bauer-spacer clearfix\" data-desktop=\"52\" data-mobi=\"30\" data-smobi=\"30\"><\/div>[\/vc_column_inner][\/vc_row_inner]\r\n\t<div class=\"bauer-spacer clearfix\" data-desktop=\"30\" data-mobi=\"15\" data-smobi=\"15\"><\/div>[vc_row_inner][vc_column_inner width=&#8221;1\/3&#8243;]<div class=\"bauer-text clearfix \" style=\"\"><ul class=\"zi_my_list\">\n<li><i class=\"elegant-icon_check_alt\"><\/i> Bombas sumergibles para aguas residuales<\/li>\n<li><i class=\"elegant-icon_check_alt\"><\/i> Bombas multietapa horizontales y verticales<\/li>\n<li><i class=\"elegant-icon_check_alt\"><\/i> Sistema de refuerzo de presi\u00f3n<\/li>\n<li><i class=\"elegant-icon_check_alt\"><\/i> Bombas de succi\u00f3n final<\/li>\n<li><i class=\"elegant-icon_check_alt\"><\/i> Bombas de carcasa dividida<\/li>\n<\/ul>\n<\/div>\r\n\t<div class=\"bauer-spacer clearfix\" data-desktop=\"30\" data-mobi=\"30\" data-smobi=\"30\"><\/div>\r\n\t<div class=\"bauer-spacer clearfix\" data-desktop=\"0\" data-mobi=\"30\" data-smobi=\"30\"><\/div>[\/vc_column_inner][vc_column_inner width=&#8221;1\/3&#8243;]<div class=\"bauer-text clearfix \" style=\"\"><ul class=\"zi_my_list\">\n<li><i class=\"elegant-icon_check_alt\"><\/i> Bombas de procesos qu\u00edmicos<\/li>\n<li><i class=\"elegant-icon_check_alt\"><\/i> Bombas de procesamiento de papel y pulpa<\/li>\n<li><i class=\"elegant-icon_check_alt\"><\/i> Bombas de turbina vertical<\/li>\n<li><i class=\"elegant-icon_check_alt\"><\/i> Bombas y motores sumergibles de perforaci\u00f3n SS<\/li>\n<\/ul>\n<\/div>[\/vc_column_inner][vc_column_inner width=&#8221;1\/3&#8243;]<div class=\"bauer-text clearfix \" style=\"\"><ul class=\"zi_my_list\">\n<li><i class=\"elegant-icon_check_alt\"><\/i> Sistemas de bombeo solar<\/li>\n<li><i class=\"elegant-icon_check_alt\"><\/i> Cables sumergibles<\/li>\n<li><i class=\"elegant-icon_check_alt\"><\/i> Tubos de uPVC<\/li>\n<li><i class=\"elegant-icon_check_alt\"><\/i> V\u00e1lvulas<\/li>\n<\/ul>\n<\/div>\r\n\t<div class=\"bauer-spacer clearfix\" data-desktop=\"30\" data-mobi=\"30\" data-smobi=\"30\"><\/div>[\/vc_column_inner][\/vc_row_inner]\r\n\t<div class=\"bauer-spacer clearfix\" data-desktop=\"10\" data-mobi=\"10\" data-smobi=\"10\"><\/div>[\/vc_column][\/vc_row]<\/p>\n","protected":false},"excerpt":{"rendered":"<p>[vc_row fullwidth=&#8221;yes&#8221; css=&#8221;.vc_custom_1597412503780{background-image: url(https:\/\/www.zirantec.com\/wp-content\/uploads\/2019\/05\/section-bg1-1.png?id=7977) !important;background-position: center !important;background-repeat: no-repeat !important;background-size: cover !important;}&#8221; el_id=&#8221;first-row&#8221;][vc_column][\/vc_column][\/vc_row][vc_row css=&#8221;.vc_custom_1558767170717{background-image: url(https:\/\/www.zirantec.com\/wp-content\/uploads\/2019\/05\/com-bg-2.png?id=8897) !important;background-position: center !important;background-repeat: no-repeat !important;background-size: cover !important;}&#8221;][vc_column][vc_row_inner column_inner_spacing=&#8221;65&#8243;][vc_column_inner width=&#8221;1\/2&#8243;][\/vc_column_inner][vc_column_inner width=&#8221;1\/2&#8243;][\/vc_column_inner][\/vc_row_inner][\/vc_column][\/vc_row][vc_row css=&#8221;.vc_custom_1597649469624{background: #f7f9fa url(https:\/\/www.zirantec.com\/wp-content\/uploads\/2019\/05\/com-bg-3.png?id=8899) !important;background-position: center !important;background-repeat: no-repeat !important;background-size: cover !important;}&#8221;][vc_column][vc_row_inner][vc_column_inner width=&#8221;1\/2&#8243;][\/vc_column_inner][vc_column_inner width=&#8221;1\/2&#8243;][\/vc_column_inner][\/vc_row_inner][vc_row_inner][vc_column_inner width=&#8221;1\/3&#8243;][\/vc_column_inner][vc_column_inner width=&#8221;1\/3&#8243;][\/vc_column_inner][vc_column_inner width=&#8221;1\/3&#8243;][\/vc_column_inner][\/vc_row_inner][\/vc_column][\/vc_row]<\/p>\n","protected":false},"author":1,"featured_media":0,"parent":0,"menu_order":0,"comment_status":"closed","ping_status":"closed","template":"","meta":[],"yoast_head":"<!-- This site is optimized with the Yoast SEO plugin v15.2 - https:\/\/yoast.com\/wordpress\/plugins\/seo\/ -->\n<title>Acerca de Nosotros - Zirantec<\/title>\n<meta name=\"robots\" content=\"index, follow, max-snippet:-1, max-image-preview:large, max-video-preview:-1\" \/>\n<link rel=\"canonical\" href=\"https:\/\/www.zirantec.com\/es\/about-us\/\" \/>\n<meta property=\"og:locale\" content=\"en_US\" \/>\n<meta property=\"og:type\" content=\"article\" \/>\n<meta property=\"og:title\" content=\"Acerca de Nosotros - Zirantec\" \/>\n<meta property=\"og:description\" content=\"[vc_row fullwidth=&#8221;yes&#8221; css=&#8221;.vc_custom_1597412503780{background-image: url(https:\/\/www.zirantec.com\/wp-content\/uploads\/2019\/05\/section-bg1-1.png?id=7977) !important;background-position: center !important;background-repeat: no-repeat !important;background-size: cover !important;}&#8221; el_id=&#8221;first-row&#8221;][vc_column][\/vc_column][\/vc_row][vc_row css=&#8221;.vc_custom_1558767170717{background-image: url(https:\/\/www.zirantec.com\/wp-content\/uploads\/2019\/05\/com-bg-2.png?id=8897) !important;background-position: center !important;background-repeat: no-repeat !important;background-size: cover !important;}&#8221;][vc_column][vc_row_inner column_inner_spacing=&#8221;65&#8243;][vc_column_inner width=&#8221;1\/2&#8243;][\/vc_column_inner][vc_column_inner width=&#8221;1\/2&#8243;][\/vc_column_inner][\/vc_row_inner][\/vc_column][\/vc_row][vc_row css=&#8221;.vc_custom_1597649469624{background: #f7f9fa url(https:\/\/www.zirantec.com\/wp-content\/uploads\/2019\/05\/com-bg-3.png?id=8899) !important;background-position: center !important;background-repeat: no-repeat !important;background-size: cover !important;}&#8221;][vc_column][vc_row_inner][vc_column_inner width=&#8221;1\/2&#8243;][\/vc_column_inner][vc_column_inner width=&#8221;1\/2&#8243;][\/vc_column_inner][\/vc_row_inner][vc_row_inner][vc_column_inner width=&#8221;1\/3&#8243;][\/vc_column_inner][vc_column_inner width=&#8221;1\/3&#8243;][\/vc_column_inner][vc_column_inner width=&#8221;1\/3&#8243;][\/vc_column_inner][\/vc_row_inner][\/vc_column][\/vc_row]\" \/>\n<meta property=\"og:url\" content=\"https:\/\/www.zirantec.com\/es\/about-us\/\" \/>\n<meta property=\"og:site_name\" content=\"Zirantec\" \/>\n<meta property=\"article:modified_time\" content=\"2025-04-10T06:16:55+00:00\" \/>\n<meta name=\"twitter:card\" content=\"summary_large_image\" \/>\n<meta name=\"twitter:label1\" value=\"Written by\">\n\t<meta name=\"twitter:data1\" value=\"admin\">\n\t<meta name=\"twitter:label2\" value=\"Est. reading time\">\n\t<meta name=\"twitter:data2\" value=\"3 minutes\">\n<script type=\"application\/ld+json\" class=\"yoast-schema-graph\">{\"@context\":\"https:\/\/schema.org\",\"@graph\":[{\"@type\":\"WebSite\",\"@id\":\"https:\/\/www.zirantec.com\/es\/#website\",\"url\":\"https:\/\/www.zirantec.com\/es\/\",\"name\":\"Zirantec\",\"description\":\"Fabbrica Italiana Pompe Sommergibili S.r.l.\",\"potentialAction\":[{\"@type\":\"SearchAction\",\"target\":\"https:\/\/www.zirantec.com\/es\/?s={search_term_string}\",\"query-input\":\"required name=search_term_string\"}],\"inLanguage\":\"en-US\"},{\"@type\":\"WebPage\",\"@id\":\"https:\/\/www.zirantec.com\/es\/about-us\/#webpage\",\"url\":\"https:\/\/www.zirantec.com\/es\/about-us\/\",\"name\":\"Acerca de Nosotros - Zirantec\",\"isPartOf\":{\"@id\":\"https:\/\/www.zirantec.com\/es\/#website\"},\"datePublished\":\"2020-08-14T05:18:43+00:00\",\"dateModified\":\"2025-04-10T06:16:55+00:00\",\"inLanguage\":\"en-US\",\"potentialAction\":[{\"@type\":\"ReadAction\",\"target\":[\"https:\/\/www.zirantec.com\/es\/about-us\/\"]}]}]}<\/script>\n<!-- \/ Yoast SEO plugin. -->","_links":{"self":[{"href":"https:\/\/www.zirantec.com\/es\/wp-json\/wp\/v2\/pages\/9797"}],"collection":[{"href":"https:\/\/www.zirantec.com\/es\/wp-json\/wp\/v2\/pages"}],"about":[{"href":"https:\/\/www.zirantec.com\/es\/wp-json\/wp\/v2\/types\/page"}],"author":[{"embeddable":true,"href":"https:\/\/www.zirantec.com\/es\/wp-json\/wp\/v2\/users\/1"}],"replies":[{"embeddable":true,"href":"https:\/\/www.zirantec.com\/es\/wp-json\/wp\/v2\/comments?post=9797"}],"version-history":[{"count":2,"href":"https:\/\/www.zirantec.com\/es\/wp-json\/wp\/v2\/pages\/9797\/revisions"}],"predecessor-version":[{"id":11269,"href":"https:\/\/www.zirantec.com\/es\/wp-json\/wp\/v2\/pages\/9797\/revisions\/11269"}],"wp:attachment":[{"href":"https:\/\/www.zirantec.com\/es\/wp-json\/wp\/v2\/media?parent=9797"}],"curies":[{"name":"wp","href":"https:\/\/api.w.org\/{rel}","templated":true}]}}